{"id":909,"date":"2022-09-14T09:53:47","date_gmt":"2022-09-14T09:53:47","guid":{"rendered":"https:\/\/mcs4you.it\/farmaciagalatello\/?page_id=909"},"modified":"2025-12-16T11:25:57","modified_gmt":"2025-12-16T11:25:57","slug":"telemedicina","status":"publish","type":"page","link":"https:\/\/www.farmaciagalatello.it\/?page_id=909","title":{"rendered":"Telemedicina"},"content":{"rendered":"\t\t<div data-elementor-type=\"wp-page\" data-elementor-id=\"909\" class=\"elementor elementor-909\">\n\t\t\t\t\t\t<section class=\"elementor-section elementor-top-section elementor-element elementor-element-470d75a elementor-section-boxed elementor-section-height-default elementor-section-height-default\" data-id=\"470d75a\" data-element_type=\"section\" data-settings=\"{&quot;background_background&quot;:&quot;classic&quot;}\">\n\t\t\t\t\t\t\t<div class=\"elementor-background-overlay\"><\/div>\n\t\t\t\t\t\t\t<div class=\"elementor-container elementor-column-gap-default\">\n\t\t\t\t\t<div class=\"elementor-column elementor-col-100 elementor-top-column elementor-element elementor-element-c7f17b1\" data-id=\"c7f17b1\" data-element_type=\"column\">\n\t\t\t<div class=\"elementor-widget-wrap elementor-element-populated\">\n\t\t\t\t\t\t<div class=\"elementor-element elementor-element-03a8130 elementor-invisible elementor-widget elementor-widget-heading\" data-id=\"03a8130\" data-element_type=\"widget\" data-settings=\"{&quot;_animation&quot;:&quot;fadeInUp&quot;}\" data-widget_type=\"heading.default\">\n\t\t\t\t<div class=\"elementor-widget-container\">\n\t\t\t<h2 class=\"elementor-heading-title elementor-size-default\">Telemedicina<\/h2>\t\t<\/div>\n\t\t\t\t<\/div>\n\t\t\t\t<div class=\"elementor-element elementor-element-c7d4340 elementor-icon-list--layout-inline elementor-align-center elementor-list-item-link-full_width elementor-invisible elementor-widget elementor-widget-icon-list\" data-id=\"c7d4340\" data-element_type=\"widget\" data-settings=\"{&quot;_animation&quot;:&quot;fadeInUp&quot;}\" data-widget_type=\"icon-list.default\">\n\t\t\t\t<div class=\"elementor-widget-container\">\n\t\t\t\t\t<ul class=\"elementor-icon-list-items elementor-inline-items\">\n\t\t\t\t\t\t\t<li class=\"elementor-icon-list-item elementor-inline-item\">\n\t\t\t\t\t\t\t\t\t\t\t<a href=\"#\">\n\n\t\t\t\t\t\t\t\t\t\t\t<span class=\"elementor-icon-list-text\">Home<\/span>\n\t\t\t\t\t\t\t\t\t\t\t<\/a>\n\t\t\t\t\t\t\t\t\t<\/li>\n\t\t\t\t\t\t\t\t<li class=\"elementor-icon-list-item elementor-inline-item\">\n\t\t\t\t\t\t\t\t\t\t\t<span class=\"elementor-icon-list-icon\">\n\t\t\t\t\t\t\t<i aria-hidden=\"true\" class=\"fas fa-angle-right\"><\/i>\t\t\t\t\t\t<\/span>\n\t\t\t\t\t\t\t\t\t\t<span class=\"elementor-icon-list-text\">Servizi per la salute e il benessere<\/span>\n\t\t\t\t\t\t\t\t\t<\/li>\n\t\t\t\t\t\t<\/ul>\n\t\t\t\t<\/div>\n\t\t\t\t<\/div>\n\t\t\t\t\t<\/div>\n\t\t<\/div>\n\t\t\t\t\t<\/div>\n\t\t<\/section>\n\t\t\t\t<section class=\"elementor-section elementor-top-section elementor-element elementor-element-9b2aa1c elementor-section-boxed elementor-section-height-default elementor-section-height-default\" data-id=\"9b2aa1c\" data-element_type=\"section\">\n\t\t\t\t\t\t<div class=\"elementor-container elementor-column-gap-default\">\n\t\t\t\t\t<div class=\"elementor-column elementor-col-100 elementor-top-column elementor-element elementor-element-b2386a5\" data-id=\"b2386a5\" data-element_type=\"column\">\n\t\t\t<div class=\"elementor-widget-wrap\">\n\t\t\t\t\t\t\t<\/div>\n\t\t<\/div>\n\t\t\t\t\t<\/div>\n\t\t<\/section>\n\t\t\t\t<section class=\"elementor-section elementor-top-section elementor-element elementor-element-29a6644 elementor-section-boxed elementor-section-height-default elementor-section-height-default\" data-id=\"29a6644\" data-element_type=\"section\">\n\t\t\t\t\t\t<div class=\"elementor-container elementor-column-gap-default\">\n\t\t\t\t\t<div class=\"elementor-column elementor-col-100 elementor-top-column elementor-element elementor-element-448e9a9\" data-id=\"448e9a9\" data-element_type=\"column\">\n\t\t\t<div class=\"elementor-widget-wrap elementor-element-populated\">\n\t\t\t\t\t\t<div class=\"elementor-element elementor-element-bc4b59f elementor-widget elementor-widget-html\" data-id=\"bc4b59f\" data-element_type=\"widget\" data-widget_type=\"html.default\">\n\t\t\t\t<div class=\"elementor-widget-container\">\n\t\t\t<!DOCTYPE html>\n<html lang=\"it\">\n<head>\n    <meta charset=\"UTF-8\">\n    <meta name=\"viewport\" content=\"width=device-width, initial-scale=1.0\">\n    <title>Telemedicina - Farmacia Galatello<\/title>\n    <style>\n        * {\n            margin: 0;\n            padding: 0;\n            box-sizing: border-box;\n        }\n\n        body {\n            font-family: 'Segoe UI', Tahoma, Geneva, Verdana, sans-serif;\n            background: linear-gradient(135deg, #ebf5fb 0%, #d6eaf8 100%);\n            padding: 40px 20px;\n            line-height: 1.6;\n        }\n\n        .container {\n            max-width: 1000px;\n            margin: 0 auto;\n            background: white;\n            border-radius: 20px;\n            box-shadow: 0 20px 60px rgba(0, 0, 0, 0.15);\n            overflow: hidden;\n        }\n\n        .header {\n            background: linear-gradient(135deg, #3498db 0%, #2980b9 100%);\n            color: white;\n            padding: 40px 30px;\n            text-align: center;\n        }\n\n        .header h1 {\n            font-size: 2rem;\n            margin-bottom: 10px;\n            text-shadow: 2px 2px 4px rgba(0, 0, 0, 0.2);\n        }\n\n        .header p {\n            font-size: 1.1rem;\n            opacity: 0.95;\n        }\n\n        .accordion-container {\n            padding: 30px;\n        }\n\n        .control-buttons {\n            padding: 20px 30px 0;\n            display: flex;\n            justify-content: flex-end;\n            gap: 10px;\n        }\n\n        .btn-control {\n            color: white;\n            border: none;\n            padding: 12px 25px;\n            border-radius: 8px;\n            font-size: 1rem;\n            font-weight: 600;\n            cursor: pointer;\n            transition: all 0.3s ease;\n        }\n\n        .btn-open-all {\n            background: linear-gradient(135deg, #3498db 0%, #2980b9 100%);\n            box-shadow: 0 4px 15px rgba(52, 152, 219, 0.3);\n        }\n\n        .btn-open-all:hover {\n            background: linear-gradient(135deg, #2980b9 0%, #21618c 100%);\n            transform: translateY(-2px);\n            box-shadow: 0 6px 20px rgba(52, 152, 219, 0.4);\n        }\n\n        .btn-close-all {\n            background: linear-gradient(135deg, #3498db 0%, #2980b9 100%);\n            box-shadow: 0 4px 15px rgba(52, 152, 219, 0.3);\n        }\n\n        .btn-close-all:hover {\n            background: linear-gradient(135deg, #2980b9 0%, #21618c 100%);\n            transform: translateY(-2px);\n            box-shadow: 0 6px 20px rgba(52, 152, 219, 0.4);\n        }\n\n        .btn-control:active {\n            transform: translateY(0);\n        }\n\n        .accordion-item {\n            margin-bottom: 15px;\n            border-radius: 12px;\n            overflow: hidden;\n            box-shadow: 0 4px 15px rgba(0, 0, 0, 0.08);\n            transition: all 0.3s ease;\n        }\n\n        .accordion-item:hover {\n            box-shadow: 0 6px 20px rgba(0, 0, 0, 0.12);\n            transform: translateY(-2px);\n        }\n\n        .accordion-header {\n            background: linear-gradient(135deg, #3498db 0%, #2980b9 100%);\n            color: white;\n            padding: 20px 25px;\n            cursor: pointer;\n            display: flex;\n            justify-content: space-between;\n            align-items: center;\n            transition: all 0.3s ease;\n            user-select: none;\n        }\n\n        .accordion-header:hover {\n            background: linear-gradient(135deg, #2980b9 0%, #21618c 100%);\n        }\n\n        .accordion-header.active {\n            background: linear-gradient(135deg, #5dade2 0%, #3498db 100%);\n        }\n\n        .accordion-title {\n            font-size: 1.2rem;\n            font-weight: 600;\n            display: flex;\n            align-items: center;\n            gap: 12px;\n        }\n\n        .accordion-icon {\n            font-size: 1.5rem;\n            transition: transform 0.3s ease;\n        }\n\n        .accordion-header.active .accordion-icon {\n            transform: rotate(180deg);\n        }\n\n        .accordion-content {\n            max-height: 0;\n            overflow: hidden;\n            transition: max-height 0.4s ease, padding 0.4s ease;\n            background: #f8f9fa;\n        }\n\n        .accordion-content.active {\n            max-height: 2000px;\n            padding: 30px 25px;\n        }\n\n        .content-wrapper {\n            display: flex;\n            gap: 25px;\n            align-items: flex-start;\n        }\n\n        .content-image {\n            flex-shrink: 0;\n            width: 280px;\n            height: 200px;\n            border-radius: 12px;\n            overflow: hidden;\n            box-shadow: 0 8px 20px rgba(0, 0, 0, 0.15);\n        }\n\n        .content-image img {\n            width: 100%;\n            height: 100%;\n            object-fit: cover;\n            transition: transform 0.3s ease;\n        }\n\n        .content-image:hover img {\n            transform: scale(1.05);\n        }\n\n        .accordion-text {\n            flex: 1;\n            color: #333;\n            font-size: 1rem;\n            line-height: 1.8;\n        }\n\n        .footer-note {\n            background: linear-gradient(135deg, #34495e 0%, #2c3e50 100%);\n            color: white;\n            padding: 25px 30px;\n            font-size: 0.95rem;\n            line-height: 1.7;\n        }\n\n        .footer-note strong {\n            color: #5dade2;\n        }\n\n        \/* Icone *\/\n        .icon-ecg::before { content: \"\ud83d\udc93\"; }\n        .icon-holter::before { content: \"\ud83d\udcca\"; }\n        .icon-pressure::before { content: \"\ud83e\ude7a\"; }\n        .icon-derma::before { content: \"\ud83d\udd2c\"; }\n        .icon-sleep::before { content: \"\ud83d\ude34\"; }\n\n        \/* Responsive *\/\n        @media (max-width: 768px) {\n            body {\n                padding: 20px 10px;\n            }\n\n            .header h1 {\n                font-size: 1.5rem;\n            }\n            \n            .header p {\n                font-size: 0.95rem;\n            }\n\n            .control-buttons {\n                padding: 15px 15px 0;\n                flex-direction: column;\n                gap: 10px;\n            }\n\n            .btn-control {\n                width: 100%;\n                padding: 14px 20px;\n                font-size: 0.95rem;\n            }\n            \n            .accordion-container {\n                padding: 20px 15px;\n            }\n\n            .accordion-item {\n                margin-bottom: 12px;\n            }\n\n            .accordion-header {\n                padding: 15px 18px;\n            }\n\n            .accordion-title {\n                font-size: 1rem;\n            }\n            \n            .container {\n                border-radius: 10px;\n            }\n\n            .content-wrapper {\n                flex-direction: column;\n            }\n\n            .content-image {\n                width: 100%;\n                height: 220px;\n            }\n\n            .accordion-content.active {\n                padding: 20px 18px;\n            }\n\n            .footer-note {\n                padding: 20px;\n                font-size: 0.9rem;\n            }\n        }\n\n        @media (max-width: 480px) {\n            .header {\n                padding: 30px 20px;\n            }\n\n            .header h1 {\n                font-size: 1.3rem;\n            }\n\n            .accordion-title {\n                font-size: 0.9rem;\n                gap: 8px;\n            }\n\n            .accordion-icon {\n                font-size: 1.2rem;\n            }\n\n            .btn-control {\n                padding: 12px 16px;\n                font-size: 0.9rem;\n            }\n        }\n    <\/style>\n<\/head>\n<body>\n    <div class=\"container\">\n        <div class=\"header\">\n            <h1>\ud83c\udfe5 TELEMEDICINA<\/h1>\n            <p>Esami Disponibili presso Farmacia Galatello<\/p>\n        <\/div>\n\n        <div class=\"control-buttons\">\n            <button class=\"btn-control btn-open-all\" onclick=\"openAll()\">\ud83d\udd3c Apri Tutto<\/button>\n            <button class=\"btn-control btn-close-all\" onclick=\"closeAll()\">\ud83d\udd3d Chiudi Tutto<\/button>\n        <\/div>\n\n        <div class=\"accordion-container\">\n            <!-- Elettrocardiogramma -->\n            <div class=\"accordion-item\">\n                <div class=\"accordion-header\" onclick=\"toggleAccordion(this)\">\n                    <div class=\"accordion-title\">\n                        <span class=\"icon-ecg\"><\/span>\n                        <span>Elettrocardiogramma<\/span>\n                    <\/div>\n                    <span class=\"accordion-icon\">\u25bc<\/span>\n                <\/div>\n                <div class=\"accordion-content\">\n                    <div class=\"content-wrapper\">\n                        <div class=\"content-image\">\n                            <img src=\"https:\/\/www.farmaciagalatello.it\/wp-content\/uploads\/2025\/12\/ecg.jpg\" alt=\"Elettrocardiogramma\">\n                        <\/div>\n                        <div class=\"accordion-text\">\n                            L'elettrocardiogramma (ECG) \u00e8 un esame diagnostico non invasivo che registra l'attivit\u00e0 elettrica del cuore attraverso l'utilizzo di elettrodi posizionati sulla superficie del corpo. L'ECG pu\u00f2 rilevare anomalie nell'attivit\u00e0 elettrica cardiaca, come aritmie o infarti del miocardio, ed \u00e8 ampiamente utilizzato nella diagnosi e nel monitoraggio di malattie cardiovascolari. Il tracciato ECG registrato viene refertato, entro massimo 60 minuti, da un cardiologo presente presso il centro di refertazione, attivo H24.\n                        <\/div>\n                    <\/div>\n                <\/div>\n            <\/div>\n\n            <!-- Holter Cardiaco -->\n            <div class=\"accordion-item\">\n                <div class=\"accordion-header\" onclick=\"toggleAccordion(this)\">\n                    <div class=\"accordion-title\">\n                        <span class=\"icon-holter\"><\/span>\n                        <span>Holter Cardiaco<\/span>\n                    <\/div>\n                    <span class=\"accordion-icon\">\u25bc<\/span>\n                <\/div>\n                <div class=\"accordion-content\">\n                    <div class=\"content-wrapper\">\n                        <div class=\"content-image\">\n                            <img src=\"https:\/\/www.farmaciagalatello.it\/wp-content\/uploads\/2025\/12\/holter_cardio.jpg\" alt=\"Holter Cardiaco\">\n                        <\/div>\n                        <div class=\"accordion-text\">\n                            L'Holter Cardiaco \u00e8 un dispositivo portatile che registra l'attivit\u00e0 elettrica del cuore per un periodo prolungato, solitamente 24-48 ore. Questo monitoraggio non invasivo consente di rilevare anomalie del ritmo cardiaco, come aritmie, che potrebbero non essere evidenti durante un esame medico di routine come il normale ECG. Presso la Farmacia Galatello, previo appuntamento, \u00e8 possibile eseguire esami Holter cardiaco della durata di 24 ore, 48 ore e 6 giorni continuativi. L'esame viene refertato in massimo 6 giorni lavorativi o, se urgente con un aggravio dei costi di refertazione, in massimo 2 giorni lavorativi.\n                        <\/div>\n                    <\/div>\n                <\/div>\n            <\/div>\n\n            <!-- Holter Pressorio -->\n            <div class=\"accordion-item\">\n                <div class=\"accordion-header\" onclick=\"toggleAccordion(this)\">\n                    <div class=\"accordion-title\">\n                        <span class=\"icon-pressure\"><\/span>\n                        <span>Holter Pressorio<\/span>\n                    <\/div>\n                    <span class=\"accordion-icon\">\u25bc<\/span>\n                <\/div>\n                <div class=\"accordion-content\">\n                    <div class=\"content-wrapper\">\n                        <div class=\"content-image\">\n                            <img src=\"https:\/\/www.farmaciagalatello.it\/wp-content\/uploads\/2025\/12\/holter_pressorio.jpg\" alt=\"Holter Pressorio\">\n                        <\/div>\n                        <div class=\"accordion-text\">\n                            L'Holter pressorio \u00e8 un esame diagnostico che monitora la pressione arteriosa di un paziente per un periodo prolungato di 24 ore solitamente, utilizzando un apparecchio portatile che registra la pressione ogni 15-20 minuti. Questo esame permette di valutare l'andamento della pressione durante le normali attivit\u00e0 quotidiane del paziente e di rilevare eventuali anomalie. L'esame viene refertato in massimo 24 ore lavorative.\n                        <\/div>\n                    <\/div>\n                <\/div>\n            <\/div>\n\n            <!-- Dermoscopia -->\n            <div class=\"accordion-item\">\n                <div class=\"accordion-header\" onclick=\"toggleAccordion(this)\">\n                    <div class=\"accordion-title\">\n                        <span class=\"icon-derma\"><\/span>\n                        <span>Dermoscopia<\/span>\n                    <\/div>\n                    <span class=\"accordion-icon\">\u25bc<\/span>\n                <\/div>\n                <div class=\"accordion-content\">\n                    <div class=\"content-wrapper\">\n                        <div class=\"content-image\">\n                            <img src=\"https:\/\/www.farmaciagalatello.it\/wp-content\/uploads\/2025\/12\/dermatoscopia.jpg\" alt=\"Dermoscopia\">\n                        <\/div>\n                        <div class=\"accordion-text\">\n                            L'utilizzo di un dermatoscopio digitale ed una piattaforma software rende possibile lo studio delle principali patologie della pelle, come nevi, acne, eczema, psoriasi e tante altre, accedendo alla valutazione specialistica di un dermatologo e al suo suggerimento terapeutico. Presso la farmacia Galatello, previa prenotazione, \u00e8 possibile eseguire una valutazione dermatologica che prevede il controllo di due problematiche della pelle, distinte. Il professionista Dermatologo, ricevute foto e anamnesi tramite test di domande, rilascer\u00e0 parere medico entro massimo 72 ore.\n                        <\/div>\n                    <\/div>\n                <\/div>\n            <\/div>\n\n            <!-- Polisonnografia -->\n            <div class=\"accordion-item\">\n                <div class=\"accordion-header\" onclick=\"toggleAccordion(this)\">\n                    <div class=\"accordion-title\">\n                        <span class=\"icon-sleep\"><\/span>\n                        <span>Polisonnografia<\/span>\n                    <\/div>\n                    <span class=\"accordion-icon\">\u25bc<\/span>\n                <\/div>\n                <div class=\"accordion-content\">\n                    <div class=\"content-wrapper\">\n                        <div class=\"content-image\">\n                            <img src=\"https:\/\/www.farmaciagalatello.it\/wp-content\/uploads\/2025\/12\/polisonnografia.png\" alt=\"Polisonnografia\">\n                        <\/div>\n                        <div class=\"accordion-text\">\n                            La polisonnografia \u00e8 un esame diagnostico non invasivo che monitora l'attivit\u00e0 dei principali sistemi ed apparati durante il sonno. Viene utilizzato per diagnosticare disturbi del sonno come apnee ostruttive, narcolessia e sindrome delle gambe senza riposo.\n                        <\/div>\n                    <\/div>\n                <\/div>\n            <\/div>\n        <\/div>\n\n        <div class=\"footer-note\">\n            <strong>\u2139\ufe0f Nota importante:<\/strong> Tutti gli esami qui elencati vengono eseguiti, <strong>previa prenotazione<\/strong>, in regime di libera professione con la possibilit\u00e0 di scaricare la spesa fiscalmente tramite scontrino elettronico e pagamento elettronico.\n        <\/div>\n    <\/div>\n\n    <script>\n        function toggleAccordion(header) {\n            const content = header.nextElementSibling;\n            const allHeaders = document.querySelectorAll('.accordion-header');\n            const allContents = document.querySelectorAll('.accordion-content');\n            \n            \/\/ Chiudi tutti gli altri accordion\n            allHeaders.forEach(h => {\n                if (h !== header) {\n                    h.classList.remove('active');\n                }\n            });\n            \n            allContents.forEach(c => {\n                if (c !== content) {\n                    c.classList.remove('active');\n                }\n            });\n            \n            \/\/ Toggle l'elemento corrente\n            header.classList.toggle('active');\n            content.classList.toggle('active');\n        }\n\n        function openAll() {\n            const allHeaders = document.querySelectorAll('.accordion-header');\n            const allContents = document.querySelectorAll('.accordion-content');\n            \n            allHeaders.forEach(h => h.classList.add('active'));\n            allContents.forEach(c => c.classList.add('active'));\n        }\n\n        function closeAll() {\n            const allHeaders = document.querySelectorAll('.accordion-header');\n            const allContents = document.querySelectorAll('.accordion-content');\n            \n            allHeaders.forEach(h => h.classList.remove('active'));\n            allContents.forEach(c => c.classList.remove('active'));\n        }\n\n        \/\/ Animazione all'apertura della pagina e apri tutto di default\n        window.addEventListener('load', function() {\n            const items = document.querySelectorAll('.accordion-item');\n            const allHeaders = document.querySelectorAll('.accordion-header');\n            const allContents = document.querySelectorAll('.accordion-content');\n            \n            items.forEach((item, index) => {\n                setTimeout(() => {\n                    item.style.opacity = '0';\n                    item.style.transform = 'translateY(20px)';\n                    item.style.transition = 'all 0.5s ease';\n                    setTimeout(() => {\n                        item.style.opacity = '1';\n                        item.style.transform = 'translateY(0)';\n                    }, 50);\n                }, index * 100);\n            });\n\n            \/\/ Apri tutti gli accordion di default dopo l'animazione\n            setTimeout(() => {\n                allHeaders.forEach(h => h.classList.add('active'));\n                allContents.forEach(c => c.classList.add('active'));\n            }, items.length * 100 + 500);\n        });\n    <\/script>\n<\/body>\n<\/html>\t\t<\/div>\n\t\t\t\t<\/div>\n\t\t\t\t\t<\/div>\n\t\t<\/div>\n\t\t\t\t\t<\/div>\n\t\t<\/section>\n\t\t\t\t<\/div>\n\t\t","protected":false},"excerpt":{"rendered":"<p>Telemedicina Home Servizi per la salute e il benessere Telemedicina &#8211; Farmacia Galatello \ud83c\udfe5 TELEMEDICINA Esami Disponibili presso Farmacia Galatello \ud83d\udd3c Apri Tutto \ud83d\udd3d Chiudi Tutto Elettrocardiogramma \u25bc L&#8217;elettrocardiogramma (ECG) \u00e8 un esame diagnostico non invasivo che registra l&#8217;attivit\u00e0 elettrica del cuore attraverso l&#8217;utilizzo di elettrodi posizionati sulla superficie del corpo. L&#8217;ECG pu\u00f2 rilevare anomalie [&hellip;]<\/p>\n","protected":false},"author":4,"featured_media":0,"parent":0,"menu_order":0,"comment_status":"closed","ping_status":"closed","template":"","meta":{"_joinchat":[]},"_links":{"self":[{"href":"https:\/\/www.farmaciagalatello.it\/index.php?rest_route=\/wp\/v2\/pages\/909"}],"collection":[{"href":"https:\/\/www.farmaciagalatello.it\/index.php?rest_route=\/wp\/v2\/pages"}],"about":[{"href":"https:\/\/www.farmaciagalatello.it\/index.php?rest_route=\/wp\/v2\/types\/page"}],"author":[{"embeddable":true,"href":"https:\/\/www.farmaciagalatello.it\/index.php?rest_route=\/wp\/v2\/users\/4"}],"replies":[{"embeddable":true,"href":"https:\/\/www.farmaciagalatello.it\/index.php?rest_route=%2Fwp%2Fv2%2Fcomments&post=909"}],"version-history":[{"count":56,"href":"https:\/\/www.farmaciagalatello.it\/index.php?rest_route=\/wp\/v2\/pages\/909\/revisions"}],"predecessor-version":[{"id":32345,"href":"https:\/\/www.farmaciagalatello.it\/index.php?rest_route=\/wp\/v2\/pages\/909\/revisions\/32345"}],"wp:attachment":[{"href":"https:\/\/www.farmaciagalatello.it\/index.php?rest_route=%2Fwp%2Fv2%2Fmedia&parent=909"}],"curies":[{"name":"wp","href":"https:\/\/api.w.org\/{rel}","templated":true}]}}